{"id":83,"date":"2022-03-12T19:01:47","date_gmt":"2022-03-12T19:01:47","guid":{"rendered":"https:\/\/www.mskrimavskasobota.sk\/?page_id=83"},"modified":"2022-05-22T15:01:05","modified_gmt":"2022-05-22T15:01:05","slug":"stadion","status":"publish","type":"page","link":"https:\/\/www.mskrimavskasobota.sk\/hu\/stadion\/","title":{"rendered":"Stadion"},"content":{"rendered":"<div data-elementor-type=\"wp-page\" data-elementor-id=\"83\" class=\"elementor elementor-83\" data-elementor-settings=\"[]\">\n\t\t\t\t\t\t\t<div class=\"elementor-section-wrap\">\n\t\t\t\t\t\t\t<section class=\"elementor-section elementor-top-section elementor-element elementor-element-a61c283 elementor-section-height-min-height elementor-section-boxed elementor-section-height-default elementor-section-items-middle wpr-particle-no wpr-jarallax-no wpr-parallax-no wpr-sticky-section-no\" data-id=\"a61c283\" data-element_type=\"section\" data-settings=\"{&quot;background_background&quot;:&quot;classic&quot;}\">\n\t\t\t\t\t\t<div class=\"elementor-container elementor-column-gap-default\">\n\t\t\t\t\t<div class=\"elementor-column elementor-col-100 elementor-top-column elementor-element elementor-element-d03a930\" data-id=\"d03a930\" data-element_type=\"column\">\n\t\t\t<div class=\"elementor-widget-wrap\">\n\t\t\t\t\t\t\t\t\t<\/div>\n\t\t<\/div>\n\t\t\t\t\t\t\t<\/div>\n\t\t<\/section>\n\t\t\t\t<section class=\"elementor-section elementor-top-section elementor-element elementor-element-7508cbc elementor-section-boxed elementor-section-height-default elementor-section-height-default wpr-particle-no wpr-jarallax-no wpr-parallax-no wpr-sticky-section-no\" data-id=\"7508cbc\" data-element_type=\"section\">\n\t\t\t\t\t\t<div class=\"elementor-container elementor-column-gap-default\">\n\t\t\t\t\t<div class=\"elementor-column elementor-col-100 elementor-top-column elementor-element elementor-element-4e5f0e4\" data-id=\"4e5f0e4\" data-element_type=\"column\">\n\t\t\t<div class=\"elementor-widget-wrap elementor-element-populated\">\n\t\t\t\t\t\t\t\t<div class=\"elementor-element elementor-element-fe69e57 elementor-widget elementor-widget-heading\" data-id=\"fe69e57\" data-element_type=\"widget\" data-widget_type=\"heading.default\">\n\t\t\t\t<div class=\"elementor-widget-container\">\n\t\t\t<style>\/*! elementor - v3.5.6 - 28-02-2022 *\/\n.elementor-heading-title{padding:0;margin:0;line-height:1}.elementor-widget-heading .elementor-heading-title[class*=elementor-size-]>a{color:inherit;font-size:inherit;line-height:inherit}.elementor-widget-heading .elementor-heading-title.elementor-size-small{font-size:15px}.elementor-widget-heading .elementor-heading-title.elementor-size-medium{font-size:19px}.elementor-widget-heading .elementor-heading-title.elementor-size-large{font-size:29px}.elementor-widget-heading .elementor-heading-title.elementor-size-xl{font-size:39px}.elementor-widget-heading .elementor-heading-title.elementor-size-xxl{font-size:59px}<\/style><h2 class=\"elementor-heading-title elementor-size-default\">Stadion<\/h2>\t\t<\/div>\n\t\t\t\t<\/div>\n\t\t\t\t<div class=\"elementor-element elementor-element-995c685 elementor-widget elementor-widget-image\" data-id=\"995c685\" data-element_type=\"widget\" data-widget_type=\"image.default\">\n\t\t\t\t<div class=\"elementor-widget-container\">\n\t\t\t<style>\/*! elementor - v3.5.6 - 28-02-2022 *\/\n.elementor-widget-image{text-align:center}.elementor-widget-image a{display:inline-block}.elementor-widget-image a img[src$=\".svg\"]{width:48px}.elementor-widget-image img{vertical-align:middle;display:inline-block}<\/style>\t\t\t\t\t\t\t\t\t\t\t\t<img loading=\"lazy\" decoding=\"async\" width=\"1024\" height=\"267\" src=\"https:\/\/www.mskrimavskasobota.sk\/wp-content\/uploads\/2022\/05\/Untitled-1920-\u00d7-900-px-1920-\u00d7-800-px-1920-\u00d7-500-px-1024x267.png\" class=\"attachment-large size-large\" alt=\"\" srcset=\"https:\/\/www.mskrimavskasobota.sk\/wp-content\/uploads\/2022\/05\/Untitled-1920-\u00d7-900-px-1920-\u00d7-800-px-1920-\u00d7-500-px-1024x267.png 1024w, https:\/\/www.mskrimavskasobota.sk\/wp-content\/uploads\/2022\/05\/Untitled-1920-\u00d7-900-px-1920-\u00d7-800-px-1920-\u00d7-500-px-300x78.png 300w, https:\/\/www.mskrimavskasobota.sk\/wp-content\/uploads\/2022\/05\/Untitled-1920-\u00d7-900-px-1920-\u00d7-800-px-1920-\u00d7-500-px-768x200.png 768w, https:\/\/www.mskrimavskasobota.sk\/wp-content\/uploads\/2022\/05\/Untitled-1920-\u00d7-900-px-1920-\u00d7-800-px-1920-\u00d7-500-px-1536x400.png 1536w, https:\/\/www.mskrimavskasobota.sk\/wp-content\/uploads\/2022\/05\/Untitled-1920-\u00d7-900-px-1920-\u00d7-800-px-1920-\u00d7-500-px-18x5.png 18w, https:\/\/www.mskrimavskasobota.sk\/wp-content\/uploads\/2022\/05\/Untitled-1920-\u00d7-900-px-1920-\u00d7-800-px-1920-\u00d7-500-px-600x156.png 600w, https:\/\/www.mskrimavskasobota.sk\/wp-content\/uploads\/2022\/05\/Untitled-1920-\u00d7-900-px-1920-\u00d7-800-px-1920-\u00d7-500-px.png 1920w\" sizes=\"auto, (max-width: 1024px) 100vw, 1024px\" \/>\t\t\t\t\t\t\t\t\t\t\t\t\t\t\t<\/div>\n\t\t\t\t<\/div>\n\t\t\t\t<section class=\"elementor-section elementor-inner-section elementor-element elementor-element-1f0e772 elementor-section-boxed elementor-section-height-default elementor-section-height-default wpr-particle-no wpr-jarallax-no wpr-parallax-no wpr-sticky-section-no\" data-id=\"1f0e772\" data-element_type=\"section\">\n\t\t\t\t\t\t<div class=\"elementor-container elementor-column-gap-default\">\n\t\t\t\t\t<div class=\"elementor-column elementor-col-50 elementor-inner-column elementor-element elementor-element-ad2ff93\" data-id=\"ad2ff93\" data-element_type=\"column\">\n\t\t\t<div class=\"elementor-widget-wrap elementor-element-populated\">\n\t\t\t\t\t\t\t\t<div class=\"elementor-element elementor-element-8e7ef06 elementor-widget elementor-widget-heading\" data-id=\"8e7ef06\" data-element_type=\"widget\" data-widget_type=\"heading.default\">\n\t\t\t\t<div class=\"elementor-widget-container\">\n\t\t\t<h2 class=\"elementor-heading-title elementor-size-default\">Stadion<\/h2>\t\t<\/div>\n\t\t\t\t<\/div>\n\t\t\t\t<div class=\"elementor-element elementor-element-71da479 elementor-widget elementor-widget-text-editor\" data-id=\"71da479\" data-element_type=\"widget\" data-widget_type=\"text-editor.default\">\n\t\t\t\t<div class=\"elementor-widget-container\">\n\t\t\t<style>\/*! elementor - v3.5.6 - 28-02-2022 *\/\n.elementor-widget-text-editor.elementor-drop-cap-view-stacked .elementor-drop-cap{background-color:#818a91;color:#fff}.elementor-widget-text-editor.elementor-drop-cap-view-framed .elementor-drop-cap{color:#818a91;border:3px solid;background-color:transparent}.elementor-widget-text-editor:not(.elementor-drop-cap-view-default) .elementor-drop-cap{margin-top:8px}.elementor-widget-text-editor:not(.elementor-drop-cap-view-default) .elementor-drop-cap-letter{width:1em;height:1em}.elementor-widget-text-editor .elementor-drop-cap{float:left;text-align:center;line-height:1;font-size:50px}.elementor-widget-text-editor .elementor-drop-cap-letter{display:inline-block}<\/style>\t\t\t\t<p>M\u0160K Rimavsk\u00e1 Sobota hazai mecseit a v\u00e1rosi stadionban tartj\u00e1k, ami 5000 f\u0151 befogad\u00e1s\u00e1ra alkalmas<\/p>\t\t\t\t\t\t<\/div>\n\t\t\t\t<\/div>\n\t\t\t\t\t<\/div>\n\t\t<\/div>\n\t\t\t\t<div class=\"elementor-column elementor-col-50 elementor-inner-column elementor-element elementor-element-8b230c7\" data-id=\"8b230c7\" data-element_type=\"column\">\n\t\t\t<div class=\"elementor-widget-wrap elementor-element-populated\">\n\t\t\t\t\t\t\t\t<div class=\"elementor-element elementor-element-cb60b25 elementor-widget elementor-widget-google_maps\" data-id=\"cb60b25\" data-element_type=\"widget\" data-widget_type=\"google_maps.default\">\n\t\t\t\t<div class=\"elementor-widget-container\">\n\t\t\t<style>\/*! elementor - v3.5.6 - 28-02-2022 *\/\n.elementor-widget-google_maps .elementor-widget-container{overflow:hidden}.elementor-widget-google_maps iframe{height:300px}<\/style>\t\t<div class=\"elementor-custom-embed\">\n\t\t\t<iframe frameborder=\"0\" scrolling=\"no\" marginheight=\"0\" marginwidth=\"0\"\n\t\t\t\t\tsrc=\"https:\/\/maps.google.com\/maps?q=Futbalov%C3%BD%20%C5%A1tadi%C3%B3n%20na%20Z%C3%A1hradk%C3%A1ch&#038;t=m&#038;z=14&#038;output=embed&#038;iwloc=near\"\n\t\t\t\t\ttitle=\"Futbalov\u00fd \u0161tadi\u00f3n na Z\u00e1hradk\u00e1ch\"\n\t\t\t\t\taria-label=\"Futbalov\u00fd \u0161tadi\u00f3n na Z\u00e1hradk\u00e1ch\"\n\t\t\t><\/iframe>\n\t\t<\/div>\n\t\t\t\t<\/div>\n\t\t\t\t<\/div>\n\t\t\t\t\t<\/div>\n\t\t<\/div>\n\t\t\t\t\t\t\t<\/div>\n\t\t<\/section>\n\t\t\t\t\t<\/div>\n\t\t<\/div>\n\t\t\t\t\t\t\t<\/div>\n\t\t<\/section>\n\t\t\t\t\t\t<\/div>\n\t\t\t\t\t<\/div>","protected":false},"excerpt":{"rendered":"<p>\u0160tadi\u00f3n \u0160tadi\u00f3n &#8211; Na Z\u00e1hradk\u00e1ch Slovensk\u00fd klub M\u0160K Rimavsk\u00e1 Sobota hr\u00e1va svoje z\u00e1pasy na \u0161tadi\u00f3ne pod n\u00e1zvom Na Z\u00e1hradk\u00e1ch. Kapacita tohto st\u00e1nku je okolo 5 000 div\u00e1kov.<\/p>","protected":false},"author":1,"featured_media":0,"parent":0,"menu_order":0,"comment_status":"closed","ping_status":"closed","template":"","meta":{"_monsterinsights_skip_tracking":false,"_monsterinsights_sitenote_active":false,"_monsterinsights_sitenote_note":"","_monsterinsights_sitenote_category":0,"_kad_post_transparent":"","_kad_post_title":"hide","_kad_post_layout":"fullwidth","_kad_post_sidebar_id":"","_kad_post_content_style":"unboxed","_kad_post_vertical_padding":"hide","_kad_post_feature":"hide","_kad_post_feature_position":"","_kad_post_header":false,"_kad_post_footer":false,"footnotes":""},"class_list":["post-83","page","type-page","status-publish","hentry"],"_links":{"self":[{"href":"https:\/\/www.mskrimavskasobota.sk\/hu\/wp-json\/wp\/v2\/pages\/83","targetHints":{"allow":["GET"]}}],"collection":[{"href":"https:\/\/www.mskrimavskasobota.sk\/hu\/wp-json\/wp\/v2\/pages"}],"about":[{"href":"https:\/\/www.mskrimavskasobota.sk\/hu\/wp-json\/wp\/v2\/types\/page"}],"author":[{"embeddable":true,"href":"https:\/\/www.mskrimavskasobota.sk\/hu\/wp-json\/wp\/v2\/users\/1"}],"replies":[{"embeddable":true,"href":"https:\/\/www.mskrimavskasobota.sk\/hu\/wp-json\/wp\/v2\/comments?post=83"}],"version-history":[{"count":15,"href":"https:\/\/www.mskrimavskasobota.sk\/hu\/wp-json\/wp\/v2\/pages\/83\/revisions"}],"predecessor-version":[{"id":1290,"href":"https:\/\/www.mskrimavskasobota.sk\/hu\/wp-json\/wp\/v2\/pages\/83\/revisions\/1290"}],"wp:attachment":[{"href":"https:\/\/www.mskrimavskasobota.sk\/hu\/wp-json\/wp\/v2\/media?parent=83"}],"curies":[{"name":"wp","href":"https:\/\/api.w.org\/{rel}","templated":true}]}}