{"id":79,"date":"2022-03-12T19:00:57","date_gmt":"2022-03-12T19:00:57","guid":{"rendered":"https:\/\/www.mskrimavskasobota.sk\/?page_id=79"},"modified":"2022-05-24T05:58:28","modified_gmt":"2022-05-24T05:58:28","slug":"historia-klubu","status":"publish","type":"page","link":"https:\/\/www.mskrimavskasobota.sk\/hu\/historia-klubu\/","title":{"rendered":"Klubt\u00f6rt\u00e9net"},"content":{"rendered":"<div data-elementor-type=\"wp-page\" data-elementor-id=\"79\" class=\"elementor elementor-79\" data-elementor-settings=\"[]\">\n\t\t\t\t\t\t\t<div class=\"elementor-section-wrap\">\n\t\t\t\t\t\t\t<section class=\"elementor-section elementor-top-section elementor-element elementor-element-f60c46b elementor-section-height-min-height elementor-section-boxed elementor-section-height-default elementor-section-items-middle wpr-particle-no wpr-jarallax-no wpr-parallax-no wpr-sticky-section-no\" data-id=\"f60c46b\" data-element_type=\"section\" data-settings=\"{&quot;background_background&quot;:&quot;classic&quot;}\">\n\t\t\t\t\t\t<div class=\"elementor-container elementor-column-gap-default\">\n\t\t\t\t\t<div class=\"elementor-column elementor-col-100 elementor-top-column elementor-element elementor-element-3141b53\" data-id=\"3141b53\" data-element_type=\"column\">\n\t\t\t<div class=\"elementor-widget-wrap\">\n\t\t\t\t\t\t\t\t\t<\/div>\n\t\t<\/div>\n\t\t\t\t\t\t\t<\/div>\n\t\t<\/section>\n\t\t\t\t<section class=\"elementor-section elementor-top-section elementor-element elementor-element-50289d5 elementor-section-boxed elementor-section-height-default elementor-section-height-default wpr-particle-no wpr-jarallax-no wpr-parallax-no wpr-sticky-section-no\" data-id=\"50289d5\" data-element_type=\"section\">\n\t\t\t\t\t\t<div class=\"elementor-container elementor-column-gap-default\">\n\t\t\t\t\t<div class=\"elementor-column elementor-col-100 elementor-top-column elementor-element elementor-element-99298f5\" data-id=\"99298f5\" data-element_type=\"column\">\n\t\t\t<div class=\"elementor-widget-wrap elementor-element-populated\">\n\t\t\t\t\t\t\t\t<div class=\"elementor-element elementor-element-baf9f84 elementor-widget elementor-widget-heading\" data-id=\"baf9f84\" data-element_type=\"widget\" data-widget_type=\"heading.default\">\n\t\t\t\t<div class=\"elementor-widget-container\">\n\t\t\t<style>\/*! elementor - v3.5.6 - 28-02-2022 *\/\n.elementor-heading-title{padding:0;margin:0;line-height:1}.elementor-widget-heading .elementor-heading-title[class*=elementor-size-]>a{color:inherit;font-size:inherit;line-height:inherit}.elementor-widget-heading .elementor-heading-title.elementor-size-small{font-size:15px}.elementor-widget-heading .elementor-heading-title.elementor-size-medium{font-size:19px}.elementor-widget-heading .elementor-heading-title.elementor-size-large{font-size:29px}.elementor-widget-heading .elementor-heading-title.elementor-size-xl{font-size:39px}.elementor-widget-heading .elementor-heading-title.elementor-size-xxl{font-size:59px}<\/style><h2 class=\"elementor-heading-title elementor-size-default\">Klubt\u00f6rt\u00e9net<\/h2>\t\t<\/div>\n\t\t\t\t<\/div>\n\t\t\t\t<div class=\"elementor-element elementor-element-a1f51fe elementor-widget elementor-widget-image\" data-id=\"a1f51fe\" data-element_type=\"widget\" data-widget_type=\"image.default\">\n\t\t\t\t<div class=\"elementor-widget-container\">\n\t\t\t<style>\/*! elementor - v3.5.6 - 28-02-2022 *\/\n.elementor-widget-image{text-align:center}.elementor-widget-image a{display:inline-block}.elementor-widget-image a img[src$=\".svg\"]{width:48px}.elementor-widget-image img{vertical-align:middle;display:inline-block}<\/style>\t\t\t\t\t\t\t\t\t\t\t\t<img loading=\"lazy\" decoding=\"async\" width=\"1024\" height=\"427\" src=\"https:\/\/www.mskrimavskasobota.sk\/wp-content\/uploads\/2022\/05\/Untitled-1920-\u00d7-900-px-1920-\u00d7-800-px-1024x427.png\" class=\"attachment-large size-large\" alt=\"\" srcset=\"https:\/\/www.mskrimavskasobota.sk\/wp-content\/uploads\/2022\/05\/Untitled-1920-\u00d7-900-px-1920-\u00d7-800-px-1024x427.png 1024w, https:\/\/www.mskrimavskasobota.sk\/wp-content\/uploads\/2022\/05\/Untitled-1920-\u00d7-900-px-1920-\u00d7-800-px-300x125.png 300w, https:\/\/www.mskrimavskasobota.sk\/wp-content\/uploads\/2022\/05\/Untitled-1920-\u00d7-900-px-1920-\u00d7-800-px-768x320.png 768w, https:\/\/www.mskrimavskasobota.sk\/wp-content\/uploads\/2022\/05\/Untitled-1920-\u00d7-900-px-1920-\u00d7-800-px-1536x640.png 1536w, https:\/\/www.mskrimavskasobota.sk\/wp-content\/uploads\/2022\/05\/Untitled-1920-\u00d7-900-px-1920-\u00d7-800-px-18x8.png 18w, https:\/\/www.mskrimavskasobota.sk\/wp-content\/uploads\/2022\/05\/Untitled-1920-\u00d7-900-px-1920-\u00d7-800-px-600x250.png 600w, https:\/\/www.mskrimavskasobota.sk\/wp-content\/uploads\/2022\/05\/Untitled-1920-\u00d7-900-px-1920-\u00d7-800-px-1558x649.png 1558w, https:\/\/www.mskrimavskasobota.sk\/wp-content\/uploads\/2022\/05\/Untitled-1920-\u00d7-900-px-1920-\u00d7-800-px.png 1920w\" sizes=\"auto, (max-width: 1024px) 100vw, 1024px\" \/>\t\t\t\t\t\t\t\t\t\t\t\t\t\t\t<\/div>\n\t\t\t\t<\/div>\n\t\t\t\t<div class=\"elementor-element elementor-element-e96649d elementor-widget elementor-widget-text-editor\" data-id=\"e96649d\" data-element_type=\"widget\" data-widget_type=\"text-editor.default\">\n\t\t\t\t<div class=\"elementor-widget-container\">\n\t\t\t<style>\/*! elementor - v3.5.6 - 28-02-2022 *\/\n.elementor-widget-text-editor.elementor-drop-cap-view-stacked .elementor-drop-cap{background-color:#818a91;color:#fff}.elementor-widget-text-editor.elementor-drop-cap-view-framed .elementor-drop-cap{color:#818a91;border:3px solid;background-color:transparent}.elementor-widget-text-editor:not(.elementor-drop-cap-view-default) .elementor-drop-cap{margin-top:8px}.elementor-widget-text-editor:not(.elementor-drop-cap-view-default) .elementor-drop-cap-letter{width:1em;height:1em}.elementor-widget-text-editor .elementor-drop-cap{float:left;text-align:center;line-height:1;font-size:50px}.elementor-widget-text-editor .elementor-drop-cap-letter{display:inline-block}<\/style>\t\t\t\t<p>M\u00e1s v\u00e1rosokhoz hasonl\u00f3an Rimaszombatnak is megvan a maga futballt\u00f6rt\u00e9nete. Ez a t\u00f6rt\u00e9net gazdag, v\u00e1ltozatos \u00e9s azt igazolja, hogy a labdar\u00fag\u00e1s volt az egyik els\u0151 szervezett sport\u00e1g a v\u00e1rosban. A rendelkez\u00e9sre \u00e1ll\u00f3 dokumentumok szerint a rimaszombati futball t\u00f6rt\u00e9net\u00e9t 1908-ban kezdt\u00e9k meg\u00edrni, de szervezetten 1913-ban kezdt\u00e9k j\u00e1tszani. Az els\u0151 egys\u00e9g RAC \/ Rimaszombati Atl\u00e9tikai Club \/ n\u00e9ven megalakult \u00e9s megkezdte tev\u00e9kenys\u00e9g\u00e9t. ideiglenes p\u00e1ly\u00e1n, amely v\u00e1rosi piack\u00e9nt szolg\u00e1lt.<\/p><p>A RAC Rimaszombati Atl\u00e9tikai Club volt, ami azt\u00e1n csatlakozott a Magyar Labdar\u00fag\u00f3 Sz\u00f6vets\u00e9ghez. Majd az els\u0151 vil\u00e1gh\u00e1bor\u00fa befejezt\u00e9vel a klubok elkezdtek t\u00e1rsulni \u00e9s bajnoks\u00e1gokat szervezni a Szlov\u00e1k Labdar\u00fag\u00f3 Sz\u00f6vets\u00e9ghez. A rimaszombati futball klub a bajnoki labdar\u00fag\u00f3-pontok\u00e9rt foly\u00f3 k\u00fczdelmekben leggyakrabban szomsz\u00e9dos riv\u00e1lisokkal, Losonc F\u00fclek, Rozsny\u00f3, Z\u00f3lyom csapataival m\u00e9rt\u00e9k \u00f6ssze tud\u00e1sukat.<\/p>\t\t\t\t\t\t<\/div>\n\t\t\t\t<\/div>\n\t\t\t\t<div class=\"elementor-element elementor-element-8ce6f59 elementor-widget elementor-widget-image\" data-id=\"8ce6f59\" data-element_type=\"widget\" data-widget_type=\"image.default\">\n\t\t\t\t<div class=\"elementor-widget-container\">\n\t\t\t\t\t\t\t\t\t\t\t\t\t\t\t<img loading=\"lazy\" decoding=\"async\" width=\"768\" height=\"395\" src=\"https:\/\/www.mskrimavskasobota.sk\/wp-content\/uploads\/2022\/05\/DSC0526-768x395.jpg\" class=\"attachment-medium_large size-medium_large\" alt=\"\" srcset=\"https:\/\/www.mskrimavskasobota.sk\/wp-content\/uploads\/2022\/05\/DSC0526-768x395.jpg 768w, https:\/\/www.mskrimavskasobota.sk\/wp-content\/uploads\/2022\/05\/DSC0526-300x154.jpg 300w, https:\/\/www.mskrimavskasobota.sk\/wp-content\/uploads\/2022\/05\/DSC0526-1024x527.jpg 1024w, https:\/\/www.mskrimavskasobota.sk\/wp-content\/uploads\/2022\/05\/DSC0526-1536x791.jpg 1536w, https:\/\/www.mskrimavskasobota.sk\/wp-content\/uploads\/2022\/05\/DSC0526-2048x1054.jpg 2048w, https:\/\/www.mskrimavskasobota.sk\/wp-content\/uploads\/2022\/05\/DSC0526-600x309.jpg 600w, https:\/\/www.mskrimavskasobota.sk\/wp-content\/uploads\/2022\/05\/DSC0526-1261x649.jpg 1261w\" sizes=\"auto, (max-width: 768px) 100vw, 768px\" \/>\t\t\t\t\t\t\t\t\t\t\t\t\t\t\t<\/div>\n\t\t\t\t<\/div>\n\t\t\t\t<div class=\"elementor-element elementor-element-2e04413 elementor-widget elementor-widget-text-editor\" data-id=\"2e04413\" data-element_type=\"widget\" data-widget_type=\"text-editor.default\">\n\t\t\t\t<div class=\"elementor-widget-container\">\n\t\t\t\t\t\t\t<p>A Rimaszombat futball azonban nem aratott jelent\u0151sebb sikert a k\u00e9t vil\u00e1gh\u00e1bor\u00fa k\u00f6z\u00f6tt. Az 1950-es \u00e9vek k\u00f6zep\u00e9n v\u00e1lt ismertt\u00e9, amikor a helyi \u0160K Slovan Rimavsk\u00e1 Sobota feljutott a region\u00e1lis verseny E-csoportj\u00e1ba, amely akkor a csehszlov\u00e1k bajnoks\u00e1gok szerkezet\u00e9ben a harmadik leger\u0151sebb volt. Azonban csak k\u00e9t szezont maradt. Majd \u00e9vekig region\u00e1lis szinten m\u0171k\u00f6d\u00f6tt. A rimaszombati labdar\u00fag\u00e1s az 1980-as \u00e9vek elej\u00e9n felfel\u00e9 \u00edvel\u0151 tendenci\u00e1t mutatott, amikor a feln\u0151tt csapat fokozatosan kiharcolta a kijut\u00e1st a region\u00e1lis versenyekb\u0151l eg\u00e9szen a m\u00e1sodik lig\u00e1ig.<\/p><p>A Rimaszombati futball legsikeresebb id\u0151szaka a 90-es \u00e9vek elej\u00e9re tehet\u0151 a mag\u00e1nt\u0151ke bel\u00e9p\u00e9s\u00e9vel a klubba. A f\u0151szponzor a Tauris, a.s. volt, amely a v\u00e1ros \u00f6nkorm\u00e1nyzat\u00e1val \u00e9s m\u00e1s partnerekkel egy\u00fcttm\u0171k\u00f6dve kiv\u00e1l\u00f3 gazdas\u00e1gi felt\u00e9teleket teremtett. Ez az eredm\u00e9nyekben is megmutatkozott: 1995-ben szuver\u00e9n feljut\u00e1s volt az orsz\u00e1gos II.lig\u00e1ba, a k\u00f6vetkez\u0151 \u00e9vben pedig \u00fajabb feljut\u00e1s, ez\u00fattal a szlov\u00e1k elit k\u00f6z\u00f6tt az I.lig\u00e1ba. Ezalatt az FC Tauris Rimavsk\u00e1 Sobota h\u00e1rom szezont j\u00e1tszott 90 lej\u00e1tszott m\u00e9rk\u0151z\u00e9s m\u00e9rlege mellett, amelyb\u0151l 28 gy\u0151zelem, 18 d\u00f6ntetlen \u00e9s 44 veres\u00e9g 99:136 volt. Akkoriban olyan nevek v\u00e1ltott\u00e1k egym\u00e1st az \u00e9len, mint Stanislav Jar\u00e1bek, Ladislav Jurkemik, Andrej Da\u0148ko, a hazai edz\u0151, Franti\u0161ek Va\u0161 stb. Rimaszombat 1998-ban az Intertoto Eur\u00f3pa Kupa verseny\u00e9n is indult, ahol az \u00edr klub kies\u00e9se ut\u00e1n a 2. fordul\u00f3ban a h\u00edres olasz Sampdoria Geno\u00e1val tal\u00e1lkozott. 1999 \u00f3ta a Rimaszombat ism\u00e9t indult a m\u00e1sodik legmagasabb szlov\u00e1k versenyen.<\/p>\t\t\t\t\t\t<\/div>\n\t\t\t\t<\/div>\n\t\t\t\t\t<\/div>\n\t\t<\/div>\n\t\t\t\t\t\t\t<\/div>\n\t\t<\/section>\n\t\t\t\t<section class=\"elementor-section elementor-top-section elementor-element elementor-element-14f957c elementor-section-boxed elementor-section-height-default elementor-section-height-default wpr-particle-no wpr-jarallax-no wpr-parallax-no wpr-sticky-section-no\" data-id=\"14f957c\" data-element_type=\"section\">\n\t\t\t\t\t\t<div class=\"elementor-container elementor-column-gap-default\">\n\t\t\t\t\t<div class=\"elementor-column elementor-col-100 elementor-top-column elementor-element elementor-element-512c9b8\" data-id=\"512c9b8\" data-element_type=\"column\">\n\t\t\t<div class=\"elementor-widget-wrap elementor-element-populated\">\n\t\t\t\t\t\t\t\t<div class=\"elementor-element elementor-element-edbe438 elementor-widget elementor-widget-heading\" data-id=\"edbe438\" data-element_type=\"widget\" data-widget_type=\"heading.default\">\n\t\t\t\t<div class=\"elementor-widget-container\">\n\t\t\t<h2 class=\"elementor-heading-title elementor-size-default\">Kup\u00e1k<\/h2>\t\t<\/div>\n\t\t\t\t<\/div>\n\t\t\t\t<section class=\"elementor-section elementor-inner-section elementor-element elementor-element-7405fa9 elementor-section-boxed elementor-section-height-default elementor-section-height-default wpr-particle-no wpr-jarallax-no wpr-parallax-no wpr-sticky-section-no\" data-id=\"7405fa9\" data-element_type=\"section\">\n\t\t\t\t\t\t<div class=\"elementor-container elementor-column-gap-default\">\n\t\t\t\t\t<div class=\"elementor-column elementor-col-33 elementor-inner-column elementor-element elementor-element-6de8034\" data-id=\"6de8034\" data-element_type=\"column\">\n\t\t\t<div class=\"elementor-widget-wrap elementor-element-populated\">\n\t\t\t\t\t\t\t\t<div class=\"elementor-element elementor-element-3f3967e elementor-widget elementor-widget-image\" data-id=\"3f3967e\" data-element_type=\"widget\" data-widget_type=\"image.default\">\n\t\t\t\t<div class=\"elementor-widget-container\">\n\t\t\t\t\t\t\t\t\t\t\t\t\t\t\t<img loading=\"lazy\" decoding=\"async\" width=\"683\" height=\"1024\" src=\"https:\/\/www.mskrimavskasobota.sk\/wp-content\/uploads\/2022\/05\/DSC0516-683x1024.jpg\" class=\"attachment-large size-large\" alt=\"\" srcset=\"https:\/\/www.mskrimavskasobota.sk\/wp-content\/uploads\/2022\/05\/DSC0516-683x1024.jpg 683w, https:\/\/www.mskrimavskasobota.sk\/wp-content\/uploads\/2022\/05\/DSC0516-200x300.jpg 200w, https:\/\/www.mskrimavskasobota.sk\/wp-content\/uploads\/2022\/05\/DSC0516-768x1152.jpg 768w, https:\/\/www.mskrimavskasobota.sk\/wp-content\/uploads\/2022\/05\/DSC0516-1024x1536.jpg 1024w, https:\/\/www.mskrimavskasobota.sk\/wp-content\/uploads\/2022\/05\/DSC0516-1365x2048.jpg 1365w, https:\/\/www.mskrimavskasobota.sk\/wp-content\/uploads\/2022\/05\/DSC0516-600x900.jpg 600w, https:\/\/www.mskrimavskasobota.sk\/wp-content\/uploads\/2022\/05\/DSC0516-533x800.jpg 533w, https:\/\/www.mskrimavskasobota.sk\/wp-content\/uploads\/2022\/05\/DSC0516-433x649.jpg 433w, https:\/\/www.mskrimavskasobota.sk\/wp-content\/uploads\/2022\/05\/DSC0516-scaled.jpg 1707w\" sizes=\"auto, (max-width: 683px) 100vw, 683px\" \/>\t\t\t\t\t\t\t\t\t\t\t\t\t\t\t<\/div>\n\t\t\t\t<\/div>\n\t\t\t\t<div class=\"elementor-element elementor-element-02ca377 elementor-widget elementor-widget-heading\" data-id=\"02ca377\" data-element_type=\"widget\" data-widget_type=\"heading.default\">\n\t\t\t\t<div class=\"elementor-widget-container\">\n\t\t\t<h2 class=\"elementor-heading-title elementor-size-default\">III. ligy Bajnok 1994\/1995<\/h2>\t\t<\/div>\n\t\t\t\t<\/div>\n\t\t\t\t\t<\/div>\n\t\t<\/div>\n\t\t\t\t<div class=\"elementor-column elementor-col-33 elementor-inner-column elementor-element elementor-element-fe9e54c\" data-id=\"fe9e54c\" data-element_type=\"column\">\n\t\t\t<div class=\"elementor-widget-wrap elementor-element-populated\">\n\t\t\t\t\t\t\t\t<div class=\"elementor-element elementor-element-d1acbf5 elementor-widget elementor-widget-image\" data-id=\"d1acbf5\" data-element_type=\"widget\" data-widget_type=\"image.default\">\n\t\t\t\t<div class=\"elementor-widget-container\">\n\t\t\t\t\t\t\t\t\t\t\t\t\t\t\t<img loading=\"lazy\" decoding=\"async\" width=\"683\" height=\"1024\" src=\"https:\/\/www.mskrimavskasobota.sk\/wp-content\/uploads\/2022\/05\/DSC0510-683x1024.jpg\" class=\"attachment-large size-large\" alt=\"\" srcset=\"https:\/\/www.mskrimavskasobota.sk\/wp-content\/uploads\/2022\/05\/DSC0510-683x1024.jpg 683w, https:\/\/www.mskrimavskasobota.sk\/wp-content\/uploads\/2022\/05\/DSC0510-200x300.jpg 200w, https:\/\/www.mskrimavskasobota.sk\/wp-content\/uploads\/2022\/05\/DSC0510-768x1152.jpg 768w, https:\/\/www.mskrimavskasobota.sk\/wp-content\/uploads\/2022\/05\/DSC0510-1024x1536.jpg 1024w, https:\/\/www.mskrimavskasobota.sk\/wp-content\/uploads\/2022\/05\/DSC0510-1365x2048.jpg 1365w, https:\/\/www.mskrimavskasobota.sk\/wp-content\/uploads\/2022\/05\/DSC0510-600x900.jpg 600w, https:\/\/www.mskrimavskasobota.sk\/wp-content\/uploads\/2022\/05\/DSC0510-533x800.jpg 533w, https:\/\/www.mskrimavskasobota.sk\/wp-content\/uploads\/2022\/05\/DSC0510-433x649.jpg 433w, https:\/\/www.mskrimavskasobota.sk\/wp-content\/uploads\/2022\/05\/DSC0510-scaled.jpg 1707w\" sizes=\"auto, (max-width: 683px) 100vw, 683px\" \/>\t\t\t\t\t\t\t\t\t\t\t\t\t\t\t<\/div>\n\t\t\t\t<\/div>\n\t\t\t\t<div class=\"elementor-element elementor-element-a73a0e8 elementor-widget elementor-widget-heading\" data-id=\"a73a0e8\" data-element_type=\"widget\" data-widget_type=\"heading.default\">\n\t\t\t\t<div class=\"elementor-widget-container\">\n\t\t\t<h2 class=\"elementor-heading-title elementor-size-default\">II. ligy Bajnok 2003\/2004<\/h2>\t\t<\/div>\n\t\t\t\t<\/div>\n\t\t\t\t\t<\/div>\n\t\t<\/div>\n\t\t\t\t<div class=\"elementor-column elementor-col-33 elementor-inner-column elementor-element elementor-element-be35c58\" data-id=\"be35c58\" data-element_type=\"column\">\n\t\t\t<div class=\"elementor-widget-wrap elementor-element-populated\">\n\t\t\t\t\t\t\t\t<div class=\"elementor-element elementor-element-01c91eb elementor-widget elementor-widget-image\" data-id=\"01c91eb\" data-element_type=\"widget\" data-widget_type=\"image.default\">\n\t\t\t\t<div class=\"elementor-widget-container\">\n\t\t\t\t\t\t\t\t\t\t\t\t\t\t\t<img loading=\"lazy\" decoding=\"async\" width=\"683\" height=\"1024\" src=\"https:\/\/www.mskrimavskasobota.sk\/wp-content\/uploads\/2022\/05\/DSC0507-683x1024.jpg\" class=\"attachment-large size-large\" alt=\"\" srcset=\"https:\/\/www.mskrimavskasobota.sk\/wp-content\/uploads\/2022\/05\/DSC0507-683x1024.jpg 683w, https:\/\/www.mskrimavskasobota.sk\/wp-content\/uploads\/2022\/05\/DSC0507-200x300.jpg 200w, https:\/\/www.mskrimavskasobota.sk\/wp-content\/uploads\/2022\/05\/DSC0507-768x1152.jpg 768w, https:\/\/www.mskrimavskasobota.sk\/wp-content\/uploads\/2022\/05\/DSC0507-1024x1536.jpg 1024w, https:\/\/www.mskrimavskasobota.sk\/wp-content\/uploads\/2022\/05\/DSC0507-1365x2048.jpg 1365w, https:\/\/www.mskrimavskasobota.sk\/wp-content\/uploads\/2022\/05\/DSC0507-600x900.jpg 600w, https:\/\/www.mskrimavskasobota.sk\/wp-content\/uploads\/2022\/05\/DSC0507-533x800.jpg 533w, https:\/\/www.mskrimavskasobota.sk\/wp-content\/uploads\/2022\/05\/DSC0507-433x649.jpg 433w, https:\/\/www.mskrimavskasobota.sk\/wp-content\/uploads\/2022\/05\/DSC0507-scaled.jpg 1707w\" sizes=\"auto, (max-width: 683px) 100vw, 683px\" \/>\t\t\t\t\t\t\t\t\t\t\t\t\t\t\t<\/div>\n\t\t\t\t<\/div>\n\t\t\t\t<div class=\"elementor-element elementor-element-e7e8361 elementor-widget elementor-widget-heading\" data-id=\"e7e8361\" data-element_type=\"widget\" data-widget_type=\"heading.default\">\n\t\t\t\t<div class=\"elementor-widget-container\">\n\t\t\t<h2 class=\"elementor-heading-title elementor-size-default\">UEFA Intertoto<\/h2>\t\t<\/div>\n\t\t\t\t<\/div>\n\t\t\t\t\t<\/div>\n\t\t<\/div>\n\t\t\t\t\t\t\t<\/div>\n\t\t<\/section>\n\t\t\t\t<section class=\"elementor-section elementor-inner-section elementor-element elementor-element-b648fad elementor-section-boxed elementor-section-height-default elementor-section-height-default wpr-particle-no wpr-jarallax-no wpr-parallax-no wpr-sticky-section-no\" data-id=\"b648fad\" data-element_type=\"section\">\n\t\t\t\t\t\t<div class=\"elementor-container elementor-column-gap-default\">\n\t\t\t\t\t<div class=\"elementor-column elementor-col-100 elementor-inner-column elementor-element elementor-element-a185d39\" data-id=\"a185d39\" data-element_type=\"column\">\n\t\t\t<div class=\"elementor-widget-wrap elementor-element-populated\">\n\t\t\t\t\t\t\t\t<div class=\"elementor-element elementor-element-7c30079 elementor-widget elementor-widget-text-editor\" data-id=\"7c30079\" data-element_type=\"widget\" data-widget_type=\"text-editor.default\">\n\t\t\t\t<div class=\"elementor-widget-container\">\n\t\t\t\t\t\t\t<p>A 2003\u20132004-es szezonban az akkori FC Rimaszombat, Petr Zelensk\u00fd edz\u0151 vezet\u00e9s\u00e9vel megnyerte a m\u00e1sodik bajnoks\u00e1got, \u00e9s visszat\u00e9rt a szlov\u00e1k elitbe. De ez\u00fattal csak egy \u00e9vre.  Rimaszombat 2005 \u00f3ta a m\u00e1sodik legmagasabb verseny egyik \u00e9llovasa, amit a 2006\/2007-es szezon \u0151szi r\u00e9sz\u00e9ben el\u00e9rt gy\u0151zelem \u00e1m a tavaszi kudarc ut\u00e1n maradt a II. Lig\u00e1ban.<\/p><p>Ebben minden bizonnyal az is k\u00f6zrej\u00e1tszott, hogy a Tauris, a.s. c\u00e9g tulajdonosi viszonyaiban bek\u00f6vetkezett v\u00e1ltoz\u00e1sok ut\u00e1n gyakorlatilag le\u00e1llt a p\u00e9nz\u00e1raml\u00e1s a futballklubba. M\u00e9g azt is fenyegette a klubot, hogy Rimaszombat v\u00e9gleg elt\u0171nik Szlov\u00e1kia futballt\u00e9rk\u00e9p\u00e9r\u0151l. Ez\u00e9rt a kezdem\u00e9nyez\u00e9st a v\u00e1rosvezet\u00e9s mag\u00e1hoz ragadta a klubot, \u00e9s megalakult a V\u00e1rosi futball klub Rimaszombat polg\u00e1ri egyes\u00fclet, amely a bel\u00fcgyminiszt\u00e9riumi bejegyz\u00e9s \u00e9s a Szlov\u00e1k Labdar\u00fag\u00f3 Sz\u00f6vets\u00e9g \u00e1ltali elfogad\u00e1s ut\u00e1n az ut\u00f3dszervezet a.s. FC Rimavsk\u00e1 Sobota. Ennek k\u00f6sz\u00f6nhet\u0151en indul az MFK Rimavsk\u00e1 Sobota, legut\u00f3bb M\u0160K Rimavsk\u00e1 Sobota n\u00e9ven, tov\u00e1bbra is a II. lig\u00e1ban<\/p><p>Sajnos a szponzorok elt\u00e1voz\u00e1sa ut\u00e1n \u00fajabb gyenge id\u0151szak k\u00f6vetkezett a klub t\u00f6rt\u00e9net\u00e9ben. 2017\/2018 szezon \u00f3ta a csapat a III. Lig\u00e1ban szerepel ami m\u00e1r a region\u00e1lis bajnoks\u00e1got jelenti Szlov\u00e1ki\u00e1ban.<\/p>\t\t\t\t\t\t<\/div>\n\t\t\t\t<\/div>\n\t\t\t\t\t<\/div>\n\t\t<\/div>\n\t\t\t\t\t\t\t<\/div>\n\t\t<\/section>\n\t\t\t\t\t<\/div>\n\t\t<\/div>\n\t\t\t\t\t\t\t<\/div>\n\t\t<\/section>\n\t\t\t\t\t\t<\/div>\n\t\t\t\t\t<\/div>","protected":false},"excerpt":{"rendered":"<p>Hist\u00f3ria Klubu Futbal v Rimavskej Sobote m\u00e1 u\u017e viac ako storo\u010dn\u00fa trad\u00edciu, ke\u010f\u017ee v letopo\u010dte vzniku futbalu sa datuje rok 1908. Tak ako v mnoh\u00fdch in\u00fdch slovensk\u00fdch mest\u00e1ch a meste\u010dk\u00e1ch, aj v Rimavskej Sobote sa futbal za\u010dal udom\u00e1c\u0148ova\u0165 za\u010diatkom 20. storo\u010dia. Iba\u017ee, okrem zazna\u010denia vzniku klubu, pr\u00edpadne \u0165a\u017ekost\u00ed sprev\u00e1dzaj\u00facich ich za\u010diatky, neexistuje dostatok historick\u00fdch \u00fadajov&#8230;<\/p>","protected":false},"author":1,"featured_media":0,"parent":0,"menu_order":0,"comment_status":"closed","ping_status":"closed","template":"","meta":{"_monsterinsights_skip_tracking":false,"_monsterinsights_sitenote_active":false,"_monsterinsights_sitenote_note":"","_monsterinsights_sitenote_category":0,"_kad_post_transparent":"","_kad_post_title":"hide","_kad_post_layout":"fullwidth","_kad_post_sidebar_id":"","_kad_post_content_style":"unboxed","_kad_post_vertical_padding":"hide","_kad_post_feature":"hide","_kad_post_feature_position":"","_kad_post_header":false,"_kad_post_footer":false,"footnotes":""},"class_list":["post-79","page","type-page","status-publish","hentry"],"_links":{"self":[{"href":"https:\/\/www.mskrimavskasobota.sk\/hu\/wp-json\/wp\/v2\/pages\/79","targetHints":{"allow":["GET"]}}],"collection":[{"href":"https:\/\/www.mskrimavskasobota.sk\/hu\/wp-json\/wp\/v2\/pages"}],"about":[{"href":"https:\/\/www.mskrimavskasobota.sk\/hu\/wp-json\/wp\/v2\/types\/page"}],"author":[{"embeddable":true,"href":"https:\/\/www.mskrimavskasobota.sk\/hu\/wp-json\/wp\/v2\/users\/1"}],"replies":[{"embeddable":true,"href":"https:\/\/www.mskrimavskasobota.sk\/hu\/wp-json\/wp\/v2\/comments?post=79"}],"version-history":[{"count":36,"href":"https:\/\/www.mskrimavskasobota.sk\/hu\/wp-json\/wp\/v2\/pages\/79\/revisions"}],"predecessor-version":[{"id":1380,"href":"https:\/\/www.mskrimavskasobota.sk\/hu\/wp-json\/wp\/v2\/pages\/79\/revisions\/1380"}],"wp:attachment":[{"href":"https:\/\/www.mskrimavskasobota.sk\/hu\/wp-json\/wp\/v2\/media?parent=79"}],"curies":[{"name":"wp","href":"https:\/\/api.w.org\/{rel}","templated":true}]}}