{"id":1504,"date":"2022-07-26T08:47:32","date_gmt":"2022-07-26T08:47:32","guid":{"rendered":"https:\/\/www.mskrimavskasobota.sk\/?page_id=1504"},"modified":"2022-12-02T14:41:02","modified_gmt":"2022-12-02T13:41:02","slug":"fanshop12345","status":"publish","type":"page","link":"https:\/\/www.mskrimavskasobota.sk\/hu\/fanshop12345\/","title":{"rendered":"Fanshop"},"content":{"rendered":"<div data-elementor-type=\"wp-page\" data-elementor-id=\"1504\" class=\"elementor elementor-1504\" data-elementor-settings=\"[]\">\n\t\t\t\t\t\t\t<div class=\"elementor-section-wrap\">\n\t\t\t\t\t\t\t<section class=\"elementor-section elementor-top-section elementor-element elementor-element-5c8f3e4 elementor-section-height-min-height elementor-section-boxed elementor-section-height-default elementor-section-items-middle wpr-particle-no wpr-jarallax-no wpr-parallax-no wpr-sticky-section-no\" data-id=\"5c8f3e4\" data-element_type=\"section\">\n\t\t\t\t\t\t<div class=\"elementor-container elementor-column-gap-default\">\n\t\t\t\t\t<div class=\"elementor-column elementor-col-100 elementor-top-column elementor-element elementor-element-51e86b5\" data-id=\"51e86b5\" data-element_type=\"column\">\n\t\t\t<div class=\"elementor-widget-wrap\">\n\t\t\t\t\t\t\t\t\t<\/div>\n\t\t<\/div>\n\t\t\t\t\t\t\t<\/div>\n\t\t<\/section>\n\t\t\t\t<section class=\"elementor-section elementor-top-section elementor-element elementor-element-f91b508 elementor-section-boxed elementor-section-height-default elementor-section-height-default wpr-particle-no wpr-jarallax-no wpr-parallax-no wpr-sticky-section-no\" data-id=\"f91b508\" data-element_type=\"section\">\n\t\t\t\t\t\t<div class=\"elementor-container elementor-column-gap-default\">\n\t\t\t\t\t<div class=\"elementor-column elementor-col-100 elementor-top-column elementor-element elementor-element-5519624\" data-id=\"5519624\" data-element_type=\"column\">\n\t\t\t<div class=\"elementor-widget-wrap elementor-element-populated\">\n\t\t\t\t\t\t\t\t<div class=\"elementor-element elementor-element-d45ca42 elementor-widget elementor-widget-heading\" data-id=\"d45ca42\" data-element_type=\"widget\" data-widget_type=\"heading.default\">\n\t\t\t\t<div class=\"elementor-widget-container\">\n\t\t\t<style>\/*! elementor - v3.5.6 - 28-02-2022 *\/\n.elementor-heading-title{padding:0;margin:0;line-height:1}.elementor-widget-heading .elementor-heading-title[class*=elementor-size-]>a{color:inherit;font-size:inherit;line-height:inherit}.elementor-widget-heading .elementor-heading-title.elementor-size-small{font-size:15px}.elementor-widget-heading .elementor-heading-title.elementor-size-medium{font-size:19px}.elementor-widget-heading .elementor-heading-title.elementor-size-large{font-size:29px}.elementor-widget-heading .elementor-heading-title.elementor-size-xl{font-size:39px}.elementor-widget-heading .elementor-heading-title.elementor-size-xxl{font-size:59px}<\/style><h2 class=\"elementor-heading-title elementor-size-default\">FanShop<\/h2>\t\t<\/div>\n\t\t\t\t<\/div>\n\t\t\t\t<div class=\"elementor-element elementor-element-6bab0a9 elementor-widget elementor-widget-text-editor\" data-id=\"6bab0a9\" data-element_type=\"widget\" data-widget_type=\"text-editor.default\">\n\t\t\t\t<div class=\"elementor-widget-container\">\n\t\t\t<style>\/*! elementor - v3.5.6 - 28-02-2022 *\/\n.elementor-widget-text-editor.elementor-drop-cap-view-stacked .elementor-drop-cap{background-color:#818a91;color:#fff}.elementor-widget-text-editor.elementor-drop-cap-view-framed .elementor-drop-cap{color:#818a91;border:3px solid;background-color:transparent}.elementor-widget-text-editor:not(.elementor-drop-cap-view-default) .elementor-drop-cap{margin-top:8px}.elementor-widget-text-editor:not(.elementor-drop-cap-view-default) .elementor-drop-cap-letter{width:1em;height:1em}.elementor-widget-text-editor .elementor-drop-cap{float:left;text-align:center;line-height:1;font-size:50px}.elementor-widget-text-editor .elementor-drop-cap-letter{display:inline-block}<\/style>\t\t\t\t<p>B\u00e9rletek megv\u00e1s\u00e1rolhat\u00f3k az A csapat hazai m\u00e9rk\u0151z\u00e9sein, vagy megrendelhet\u0151k az al\u00e1bbi telefonsz\u00e1mon 0903 023 312.<\/p>\t\t\t\t\t\t<\/div>\n\t\t\t\t<\/div>\n\t\t\t\t<div class=\"elementor-element elementor-element-fc4b9ef elementor-widget elementor-widget-image-gallery\" data-id=\"fc4b9ef\" data-element_type=\"widget\" data-widget_type=\"image-gallery.default\">\n\t\t\t\t<div class=\"elementor-widget-container\">\n\t\t\t<style>\/*! elementor - v3.5.6 - 28-02-2022 *\/\n.elementor-image-gallery .gallery-item{display:inline-block;text-align:center;vertical-align:top;width:100%;max-width:100%;margin:0 auto}.elementor-image-gallery .gallery-item img{margin:0 auto}.elementor-image-gallery .gallery-item .gallery-caption{margin:0}.elementor-image-gallery figure img{display:block}.elementor-image-gallery figure figcaption{width:100%}.gallery-spacing-custom .elementor-image-gallery .gallery-icon{padding:0}@media (min-width:768px){.elementor-image-gallery .gallery-columns-2 .gallery-item{max-width:50%}.elementor-image-gallery .gallery-columns-3 .gallery-item{max-width:33.33%}.elementor-image-gallery .gallery-columns-4 .gallery-item{max-width:25%}.elementor-image-gallery .gallery-columns-5 .gallery-item{max-width:20%}.elementor-image-gallery .gallery-columns-6 .gallery-item{max-width:16.666%}.elementor-image-gallery .gallery-columns-7 .gallery-item{max-width:14.28%}.elementor-image-gallery .gallery-columns-8 .gallery-item{max-width:12.5%}.elementor-image-gallery .gallery-columns-9 .gallery-item{max-width:11.11%}.elementor-image-gallery .gallery-columns-10 .gallery-item{max-width:10%}}@media (min-width:480px) and (max-width:767px){.elementor-image-gallery .gallery.gallery-columns-2 .gallery-item,.elementor-image-gallery .gallery.gallery-columns-3 .gallery-item,.elementor-image-gallery .gallery.gallery-columns-4 .gallery-item,.elementor-image-gallery .gallery.gallery-columns-5 .gallery-item,.elementor-image-gallery .gallery.gallery-columns-6 .gallery-item,.elementor-image-gallery .gallery.gallery-columns-7 .gallery-item,.elementor-image-gallery .gallery.gallery-columns-8 .gallery-item,.elementor-image-gallery .gallery.gallery-columns-9 .gallery-item,.elementor-image-gallery .gallery.gallery-columns-10 .gallery-item{max-width:50%}}@media (max-width:479px){.elementor-image-gallery .gallery.gallery-columns-2 .gallery-item,.elementor-image-gallery .gallery.gallery-columns-3 .gallery-item,.elementor-image-gallery .gallery.gallery-columns-4 .gallery-item,.elementor-image-gallery .gallery.gallery-columns-5 .gallery-item,.elementor-image-gallery .gallery.gallery-columns-6 .gallery-item,.elementor-image-gallery .gallery.gallery-columns-7 .gallery-item,.elementor-image-gallery .gallery.gallery-columns-8 .gallery-item,.elementor-image-gallery .gallery.gallery-columns-9 .gallery-item,.elementor-image-gallery .gallery.gallery-columns-10 .gallery-item{max-width:100%}}<\/style>\t\t<div class=\"elementor-image-gallery\">\n\t\t\t<div id='gallery-1' class='gallery galleryid-1504 gallery-columns-4 gallery-size-medium'><figure class='gallery-item'>\n\t\t\t<div class='gallery-icon landscape'>\n\t\t\t\t<a data-elementor-open-lightbox=\"no\" href='https:\/\/www.mskrimavskasobota.sk\/wp-content\/uploads\/2022\/07\/8-2.png'><img loading=\"lazy\" decoding=\"async\" width=\"300\" height=\"300\" src=\"https:\/\/www.mskrimavskasobota.sk\/wp-content\/uploads\/2022\/07\/8-2-300x300.png\" class=\"attachment-medium size-medium\" alt=\"\" aria-describedby=\"gallery-1-1588\" srcset=\"https:\/\/www.mskrimavskasobota.sk\/wp-content\/uploads\/2022\/07\/8-2-300x300.png 300w, https:\/\/www.mskrimavskasobota.sk\/wp-content\/uploads\/2022\/07\/8-2-1024x1024.png 1024w, https:\/\/www.mskrimavskasobota.sk\/wp-content\/uploads\/2022\/07\/8-2-150x150.png 150w, https:\/\/www.mskrimavskasobota.sk\/wp-content\/uploads\/2022\/07\/8-2-768x768.png 768w, https:\/\/www.mskrimavskasobota.sk\/wp-content\/uploads\/2022\/07\/8-2-12x12.png 12w, https:\/\/www.mskrimavskasobota.sk\/wp-content\/uploads\/2022\/07\/8-2-200x200.png 200w, https:\/\/www.mskrimavskasobota.sk\/wp-content\/uploads\/2022\/07\/8-2.png 1080w\" sizes=\"auto, (max-width: 300px) 100vw, 300px\" \/><\/a>\n\t\t\t<\/div>\n\t\t\t\t<figcaption class='wp-caption-text gallery-caption' id='gallery-1-1588'>\n\t\t\t\tEg\u00e9sz \u00e9ves b\u00e9rlet\n\t\t\t\t<\/figcaption><\/figure><figure class='gallery-item'>\n\t\t\t<div class='gallery-icon landscape'>\n\t\t\t\t<a data-elementor-open-lightbox=\"no\" href='https:\/\/www.mskrimavskasobota.sk\/wp-content\/uploads\/2022\/07\/9-1.png'><img loading=\"lazy\" decoding=\"async\" width=\"300\" height=\"300\" src=\"https:\/\/www.mskrimavskasobota.sk\/wp-content\/uploads\/2022\/07\/9-1-300x300.png\" class=\"attachment-medium size-medium\" alt=\"\" aria-describedby=\"gallery-1-1589\" srcset=\"https:\/\/www.mskrimavskasobota.sk\/wp-content\/uploads\/2022\/07\/9-1-300x300.png 300w, https:\/\/www.mskrimavskasobota.sk\/wp-content\/uploads\/2022\/07\/9-1-1024x1024.png 1024w, https:\/\/www.mskrimavskasobota.sk\/wp-content\/uploads\/2022\/07\/9-1-150x150.png 150w, https:\/\/www.mskrimavskasobota.sk\/wp-content\/uploads\/2022\/07\/9-1-768x768.png 768w, https:\/\/www.mskrimavskasobota.sk\/wp-content\/uploads\/2022\/07\/9-1-12x12.png 12w, https:\/\/www.mskrimavskasobota.sk\/wp-content\/uploads\/2022\/07\/9-1-200x200.png 200w, https:\/\/www.mskrimavskasobota.sk\/wp-content\/uploads\/2022\/07\/9-1.png 1080w\" sizes=\"auto, (max-width: 300px) 100vw, 300px\" \/><\/a>\n\t\t\t<\/div>\n\t\t\t\t<figcaption class='wp-caption-text gallery-caption' id='gallery-1-1589'>\n\t\t\t\tVIP Celosez\u00f3nna permanentka\n\t\t\t\t<\/figcaption><\/figure><figure class='gallery-item'>\n\t\t\t<div class='gallery-icon landscape'>\n\t\t\t\t<a data-elementor-open-lightbox=\"no\" href='https:\/\/www.mskrimavskasobota.sk\/wp-content\/uploads\/2022\/12\/23.png'><img loading=\"lazy\" decoding=\"async\" width=\"300\" height=\"300\" src=\"https:\/\/www.mskrimavskasobota.sk\/wp-content\/uploads\/2022\/12\/23-300x300.png\" class=\"attachment-medium size-medium\" alt=\"\" aria-describedby=\"gallery-1-2025\" srcset=\"https:\/\/www.mskrimavskasobota.sk\/wp-content\/uploads\/2022\/12\/23-300x300.png 300w, https:\/\/www.mskrimavskasobota.sk\/wp-content\/uploads\/2022\/12\/23-1024x1024.png 1024w, https:\/\/www.mskrimavskasobota.sk\/wp-content\/uploads\/2022\/12\/23-150x150.png 150w, https:\/\/www.mskrimavskasobota.sk\/wp-content\/uploads\/2022\/12\/23-768x768.png 768w, https:\/\/www.mskrimavskasobota.sk\/wp-content\/uploads\/2022\/12\/23-12x12.png 12w, https:\/\/www.mskrimavskasobota.sk\/wp-content\/uploads\/2022\/12\/23-128x128.png 128w, https:\/\/www.mskrimavskasobota.sk\/wp-content\/uploads\/2022\/12\/23-32x32.png 32w, https:\/\/www.mskrimavskasobota.sk\/wp-content\/uploads\/2022\/12\/23-200x200.png 200w, https:\/\/www.mskrimavskasobota.sk\/wp-content\/uploads\/2022\/12\/23.png 1080w\" sizes=\"auto, (max-width: 300px) 100vw, 300px\" \/><\/a>\n\t\t\t<\/div>\n\t\t\t\t<figcaption class='wp-caption-text gallery-caption' id='gallery-1-2025'>\n\t\t\t\tKlub mez\n\t\t\t\t<\/figcaption><\/figure><figure class='gallery-item'>\n\t\t\t<div class='gallery-icon landscape'>\n\t\t\t\t<a data-elementor-open-lightbox=\"no\" href='https:\/\/www.mskrimavskasobota.sk\/wp-content\/uploads\/2022\/12\/24.png'><img loading=\"lazy\" decoding=\"async\" width=\"300\" height=\"300\" src=\"https:\/\/www.mskrimavskasobota.sk\/wp-content\/uploads\/2022\/12\/24-300x300.png\" class=\"attachment-medium size-medium\" alt=\"\" aria-describedby=\"gallery-1-2026\" srcset=\"https:\/\/www.mskrimavskasobota.sk\/wp-content\/uploads\/2022\/12\/24-300x300.png 300w, https:\/\/www.mskrimavskasobota.sk\/wp-content\/uploads\/2022\/12\/24-1024x1024.png 1024w, https:\/\/www.mskrimavskasobota.sk\/wp-content\/uploads\/2022\/12\/24-150x150.png 150w, https:\/\/www.mskrimavskasobota.sk\/wp-content\/uploads\/2022\/12\/24-768x768.png 768w, https:\/\/www.mskrimavskasobota.sk\/wp-content\/uploads\/2022\/12\/24-12x12.png 12w, https:\/\/www.mskrimavskasobota.sk\/wp-content\/uploads\/2022\/12\/24-128x128.png 128w, https:\/\/www.mskrimavskasobota.sk\/wp-content\/uploads\/2022\/12\/24-32x32.png 32w, https:\/\/www.mskrimavskasobota.sk\/wp-content\/uploads\/2022\/12\/24-200x200.png 200w, https:\/\/www.mskrimavskasobota.sk\/wp-content\/uploads\/2022\/12\/24.png 1080w\" sizes=\"auto, (max-width: 300px) 100vw, 300px\" \/><\/a>\n\t\t\t<\/div>\n\t\t\t\t<figcaption class='wp-caption-text gallery-caption' id='gallery-1-2026'>\n\t\t\t\tKlub mez\n\t\t\t\t<\/figcaption><\/figure>\n\t\t<\/div>\n\t\t<\/div>\n\t\t\t\t<\/div>\n\t\t\t\t<\/div>\n\t\t\t\t\t<\/div>\n\t\t<\/div>\n\t\t\t\t\t\t\t<\/div>\n\t\t<\/section>\n\t\t\t\t\t\t<\/div>\n\t\t\t\t\t<\/div>","protected":false},"excerpt":{"rendered":"<p>FanShop Permanentky si m\u00f4\u017eete k\u00fapi\u0165 na dom\u00e1cich z\u00e1pasoch mu\u017eov, alebo objedna\u0165 si cez telef\u00f3n 0903 029 312 Celosez\u00f3nna permanentka VIP Celosez\u00f3nna permanentka Z\u00e1pasov\u00fd dres Z\u00e1pasov\u00fd dres<\/p>","protected":false},"author":1,"featured_media":0,"parent":0,"menu_order":0,"comment_status":"closed","ping_status":"closed","template":"","meta":{"_monsterinsights_skip_tracking":false,"_monsterinsights_sitenote_active":false,"_monsterinsights_sitenote_note":"","_monsterinsights_sitenote_category":0,"_kad_post_transparent":"","_kad_post_title":"hide","_kad_post_layout":"fullwidth","_kad_post_sidebar_id":"","_kad_post_content_style":"unboxed","_kad_post_vertical_padding":"hide","_kad_post_feature":"hide","_kad_post_feature_position":"","_kad_post_header":false,"_kad_post_footer":false,"footnotes":""},"class_list":["post-1504","page","type-page","status-publish","hentry"],"_links":{"self":[{"href":"https:\/\/www.mskrimavskasobota.sk\/hu\/wp-json\/wp\/v2\/pages\/1504","targetHints":{"allow":["GET"]}}],"collection":[{"href":"https:\/\/www.mskrimavskasobota.sk\/hu\/wp-json\/wp\/v2\/pages"}],"about":[{"href":"https:\/\/www.mskrimavskasobota.sk\/hu\/wp-json\/wp\/v2\/types\/page"}],"author":[{"embeddable":true,"href":"https:\/\/www.mskrimavskasobota.sk\/hu\/wp-json\/wp\/v2\/users\/1"}],"replies":[{"embeddable":true,"href":"https:\/\/www.mskrimavskasobota.sk\/hu\/wp-json\/wp\/v2\/comments?post=1504"}],"version-history":[{"count":50,"href":"https:\/\/www.mskrimavskasobota.sk\/hu\/wp-json\/wp\/v2\/pages\/1504\/revisions"}],"predecessor-version":[{"id":2029,"href":"https:\/\/www.mskrimavskasobota.sk\/hu\/wp-json\/wp\/v2\/pages\/1504\/revisions\/2029"}],"wp:attachment":[{"href":"https:\/\/www.mskrimavskasobota.sk\/hu\/wp-json\/wp\/v2\/media?parent=1504"}],"curies":[{"name":"wp","href":"https:\/\/api.w.org\/{rel}","templated":true}]}}